{"id":17,"date":"2025-02-20T13:50:37","date_gmt":"2025-02-20T12:50:37","guid":{"rendered":"https:\/\/vwebdev3.fr\/?page_id=17"},"modified":"2025-12-29T16:47:54","modified_gmt":"2025-12-29T15:47:54","slug":"contact","status":"publish","type":"page","link":"https:\/\/www.pnx-rescue.ch\/de\/kontakt\/","title":{"rendered":"Kontakt"},"content":{"rendered":"<div data-elementor-type=\"wp-page\" data-elementor-id=\"17\" class=\"elementor elementor-17\" data-elementor-post-type=\"page\">\n\t\t\t\t<div class=\"elementor-element elementor-element-7b18b717 e-flex e-con-boxed e-con e-parent\" data-id=\"7b18b717\" data-element_type=\"container\" data-settings=\"{&quot;background_background&quot;:&quot;classic&quot;}\">\n\t\t\t\t\t<div class=\"e-con-inner\">\n\t\t\t\t<div class=\"elementor-element elementor-element-16934a0 elementor-align-center elementor-widget elementor-widget-breadcrumbs\" data-id=\"16934a0\" data-element_type=\"widget\" data-widget_type=\"breadcrumbs.default\">\n\t\t\t\t<div class=\"elementor-widget-container\">\n\t\t\t\t\t<p id=\"breadcrumbs\"><span><span><a href=\"https:\/\/www.pnx-rescue.ch\/de\/\">Willkommen<\/a><\/span><\/span><\/p>\t\t\t\t<\/div>\n\t\t\t\t<\/div>\n\t\t\t\t<div class=\"elementor-element elementor-element-206477fe elementor-invisible elementor-widget elementor-widget-heading\" data-id=\"206477fe\" data-element_type=\"widget\" data-settings=\"{&quot;_animation&quot;:&quot;fadeIn&quot;,&quot;_animation_delay&quot;:200}\" data-widget_type=\"heading.default\">\n\t\t\t\t<div class=\"elementor-widget-container\">\n\t\t\t\t\t<h1 class=\"elementor-heading-title elementor-size-default\">Kontaktieren Sie uns<\/h1>\t\t\t\t<\/div>\n\t\t\t\t<\/div>\n\t\t\t\t\t<\/div>\n\t\t\t\t<\/div>\n\t\t<div class=\"elementor-element elementor-element-d44bd3d e-flex e-con-boxed e-con e-parent\" data-id=\"d44bd3d\" data-element_type=\"container\">\n\t\t\t\t\t<div class=\"e-con-inner\">\n\t\t\t\t<div class=\"elementor-element elementor-element-aad7130 elementor-invisible elementor-widget elementor-widget-text-editor\" data-id=\"aad7130\" data-element_type=\"widget\" data-settings=\"{&quot;_animation&quot;:&quot;fadeIn&quot;,&quot;_animation_delay&quot;:400}\" data-widget_type=\"text-editor.default\">\n\t\t\t\t<div class=\"elementor-widget-container\">\n\t\t\t\t\t\t\t\t\t<p>PNX Rescue, <a href=\"https:\/\/www.pnx-rescue.ch\/de\/\">Krankenwagendesign in der Schweiz<\/a>, F\u00fcr Ausk\u00fcnfte oder Angebotsanfragen steht Ihnen unser Service gerne zur Verf\u00fcgung.<\/p>\t\t\t\t\t\t\t\t<\/div>\n\t\t\t\t<\/div>\n\t\t\t\t\t<\/div>\n\t\t\t\t<\/div>\n\t\t<div class=\"elementor-element elementor-element-97c7b27 e-con-full e-flex e-con e-parent\" data-id=\"97c7b27\" data-element_type=\"container\">\n\t\t<div class=\"elementor-element elementor-element-c969b26 e-con-full e-flex e-con e-child\" data-id=\"c969b26\" data-element_type=\"container\" data-settings=\"{&quot;background_background&quot;:&quot;slideshow&quot;,&quot;background_slideshow_gallery&quot;:[{&quot;id&quot;:246,&quot;url&quot;:&quot;https:\\\/\\\/www.pnx-rescue.ch\\\/wp-content\\\/uploads\\\/2025\\\/02\\\/vue-de-lexterieur-1-scaled.webp&quot;},{&quot;id&quot;:243,&quot;url&quot;:&quot;https:\\\/\\\/www.pnx-rescue.ch\\\/wp-content\\\/uploads\\\/2025\\\/02\\\/equipements-vehicule-scaled.webp&quot;}],&quot;background_slideshow_loop&quot;:&quot;yes&quot;,&quot;background_slideshow_slide_duration&quot;:5000,&quot;background_slideshow_slide_transition&quot;:&quot;fade&quot;,&quot;background_slideshow_transition_duration&quot;:500}\">\n\t\t\t\t<div class=\"elementor-element elementor-element-809651b elementor-widget-divider--view-line elementor-widget elementor-widget-divider\" data-id=\"809651b\" data-element_type=\"widget\" data-widget_type=\"divider.default\">\n\t\t\t\t<div class=\"elementor-widget-container\">\n\t\t\t\t\t\t\t<div class=\"elementor-divider\">\n\t\t\t<span class=\"elementor-divider-separator\">\n\t\t\t\t\t\t<\/span>\n\t\t<\/div>\n\t\t\t\t\t\t<\/div>\n\t\t\t\t<\/div>\n\t\t\t\t<div class=\"elementor-element elementor-element-b4fd6a3 elementor-shape-circle e-grid-align-left e-grid-align-tablet-right elementor-grid-0 elementor-widget elementor-widget-social-icons\" data-id=\"b4fd6a3\" data-element_type=\"widget\" data-widget_type=\"social-icons.default\">\n\t\t\t\t<div class=\"elementor-widget-container\">\n\t\t\t\t\t\t\t<div class=\"elementor-social-icons-wrapper elementor-grid\" role=\"list\">\n\t\t\t\t\t\t\t<span class=\"elementor-grid-item\" role=\"listitem\">\n\t\t\t\t\t<a class=\"elementor-icon elementor-social-icon elementor-social-icon-icon-instagram-1 elementor-repeater-item-49f853b\" href=\"https:\/\/www.instagram.com\/pnxrescue\/\" target=\"_blank\">\n\t\t\t\t\t\t<span class=\"elementor-screen-only\">Icon-instagram-1<\/span>\n\t\t\t\t\t\t<i aria-hidden=\"true\" class=\"icon icon-instagram-1\"><\/i>\t\t\t\t\t<\/a>\n\t\t\t\t<\/span>\n\t\t\t\t\t\t\t<span class=\"elementor-grid-item\" role=\"listitem\">\n\t\t\t\t\t<a class=\"elementor-icon elementor-social-icon elementor-social-icon-linkedin-in elementor-repeater-item-046161f\" href=\"https:\/\/www.linkedin.com\/in\/pnx-rescue-297a9a254\/\" target=\"_blank\">\n\t\t\t\t\t\t<span class=\"elementor-screen-only\">Linkedin-in<\/span>\n\t\t\t\t\t\t<i aria-hidden=\"true\" class=\"fab fa-linkedin-in\"><\/i>\t\t\t\t\t<\/a>\n\t\t\t\t<\/span>\n\t\t\t\t\t<\/div>\n\t\t\t\t\t\t<\/div>\n\t\t\t\t<\/div>\n\t\t\t\t<\/div>\n\t\t<div class=\"elementor-element elementor-element-7105407 e-con-full e-flex e-con e-child\" data-id=\"7105407\" data-element_type=\"container\" data-settings=\"{&quot;background_background&quot;:&quot;classic&quot;}\">\n\t\t<div class=\"elementor-element elementor-element-a85b7eb e-con-full e-flex e-con e-child\" data-id=\"a85b7eb\" data-element_type=\"container\">\n\t\t\t\t<div class=\"elementor-element elementor-element-59169d4 elementor-widget-divider--view-line elementor-invisible elementor-widget elementor-widget-divider\" data-id=\"59169d4\" data-element_type=\"widget\" data-settings=\"{&quot;_animation&quot;:&quot;fadeIn&quot;,&quot;_animation_delay&quot;:400}\" data-widget_type=\"divider.default\">\n\t\t\t\t<div class=\"elementor-widget-container\">\n\t\t\t\t\t\t\t<div class=\"elementor-divider\">\n\t\t\t<span class=\"elementor-divider-separator\">\n\t\t\t\t\t\t<\/span>\n\t\t<\/div>\n\t\t\t\t\t\t<\/div>\n\t\t\t\t<\/div>\n\t\t\t\t<div class=\"elementor-element elementor-element-55900c5 elementor-invisible elementor-widget elementor-widget-heading\" data-id=\"55900c5\" data-element_type=\"widget\" data-settings=\"{&quot;_animation&quot;:&quot;fadeIn&quot;,&quot;_animation_delay&quot;:600}\" data-widget_type=\"heading.default\">\n\t\t\t\t<div class=\"elementor-widget-container\">\n\t\t\t\t\t<h2 class=\"elementor-heading-title elementor-size-default\">Ein Projekt? Lass uns dar\u00fcber reden!<\/h2>\t\t\t\t<\/div>\n\t\t\t\t<\/div>\n\t\t<div class=\"elementor-element elementor-element-7d30ddbd e-grid e-con-full elementor-invisible e-con e-child\" data-id=\"7d30ddbd\" data-element_type=\"container\" data-settings=\"{&quot;animation&quot;:&quot;fadeIn&quot;,&quot;animation_delay&quot;:400}\">\n\t\t<div class=\"elementor-element elementor-element-9e488fc e-con-full e-flex e-con e-child\" data-id=\"9e488fc\" data-element_type=\"container\">\n\t\t\t\t<div class=\"elementor-element elementor-element-2997d48e elementor-widget elementor-widget-text-editor\" data-id=\"2997d48e\" data-element_type=\"widget\" data-widget_type=\"text-editor.default\">\n\t\t\t\t<div class=\"elementor-widget-container\">\n\t\t\t\t\t\t\t\t\t<p>Finden Sie uns<\/p>\t\t\t\t\t\t\t\t<\/div>\n\t\t\t\t<\/div>\n\t\t\t\t<div class=\"elementor-element elementor-element-22689415 elementor-widget elementor-widget-button\" data-id=\"22689415\" data-element_type=\"widget\" data-widget_type=\"button.default\">\n\t\t\t\t<div class=\"elementor-widget-container\">\n\t\t\t\t\t\t\t\t\t<div class=\"elementor-button-wrapper\">\n\t\t\t\t\t<a class=\"elementor-button elementor-button-link elementor-size-sm\" href=\"https:\/\/maps.app.goo.gl\/rCmk9RAGQN1KEoHx7\" target=\"_blank\">\n\t\t\t\t\t\t<span class=\"elementor-button-content-wrapper\">\n\t\t\t\t\t\t\t\t\t<span class=\"elementor-button-text\">Siehe auf Karten<\/span>\n\t\t\t\t\t<\/span>\n\t\t\t\t\t<\/a>\n\t\t\t\t<\/div>\n\t\t\t\t\t\t\t\t<\/div>\n\t\t\t\t<\/div>\n\t\t\t\t<\/div>\n\t\t<div class=\"elementor-element elementor-element-33d2a213 e-con-full e-flex e-con e-child\" data-id=\"33d2a213\" data-element_type=\"container\">\n\t\t\t\t<div class=\"elementor-element elementor-element-8396a04 elementor-widget elementor-widget-text-editor\" data-id=\"8396a04\" data-element_type=\"widget\" data-widget_type=\"text-editor.default\">\n\t\t\t\t<div class=\"elementor-widget-container\">\n\t\t\t\t\t\t\t\t\t<p>Telefon<\/p>\t\t\t\t\t\t\t\t<\/div>\n\t\t\t\t<\/div>\n\t\t\t\t<div class=\"elementor-element elementor-element-27b84872 elementor-widget elementor-widget-button\" data-id=\"27b84872\" data-element_type=\"widget\" data-widget_type=\"button.default\">\n\t\t\t\t<div class=\"elementor-widget-container\">\n\t\t\t\t\t\t\t\t\t<div class=\"elementor-button-wrapper\">\n\t\t\t\t\t<a class=\"elementor-button elementor-button-link elementor-size-sm\" href=\"tel:+41799597207\">\n\t\t\t\t\t\t<span class=\"elementor-button-content-wrapper\">\n\t\t\t\t\t\t\t\t\t<span class=\"elementor-button-text\">+41 78 600 17 82<\/span>\n\t\t\t\t\t<\/span>\n\t\t\t\t\t<\/a>\n\t\t\t\t<\/div>\n\t\t\t\t\t\t\t\t<\/div>\n\t\t\t\t<\/div>\n\t\t\t\t<\/div>\n\t\t<div class=\"elementor-element elementor-element-34a438d1 e-con-full e-flex e-con e-child\" data-id=\"34a438d1\" data-element_type=\"container\">\n\t\t\t\t<div class=\"elementor-element elementor-element-25132f2f elementor-widget elementor-widget-text-editor\" data-id=\"25132f2f\" data-element_type=\"widget\" data-widget_type=\"text-editor.default\">\n\t\t\t\t<div class=\"elementor-widget-container\">\n\t\t\t\t\t\t\t\t\t<p>E-Mail<\/p>\t\t\t\t\t\t\t\t<\/div>\n\t\t\t\t<\/div>\n\t\t\t\t<div class=\"elementor-element elementor-element-7b5bb96c elementor-button-info elementor-widget elementor-widget-button\" data-id=\"7b5bb96c\" data-element_type=\"widget\" data-widget_type=\"button.default\">\n\t\t\t\t<div class=\"elementor-widget-container\">\n\t\t\t\t\t\t\t\t\t<div class=\"elementor-button-wrapper\">\n\t\t\t\t\t<a class=\"elementor-button elementor-button-link elementor-size-sm\" href=\"mailto:info@pnx-rescue.ch\">\n\t\t\t\t\t\t<span class=\"elementor-button-content-wrapper\">\n\t\t\t\t\t\t\t\t\t<span class=\"elementor-button-text\">info@pnx-rescue.ch<\/span>\n\t\t\t\t\t<\/span>\n\t\t\t\t\t<\/a>\n\t\t\t\t<\/div>\n\t\t\t\t\t\t\t\t<\/div>\n\t\t\t\t<\/div>\n\t\t\t\t<\/div>\n\t\t\t\t<\/div>\n\t\t\t\t<div class=\"elementor-element elementor-element-3ad47ba elementor-button-align-start elementor-widget elementor-widget-form\" data-id=\"3ad47ba\" data-element_type=\"widget\" data-settings=\"{&quot;step_next_label&quot;:&quot;Suivant&quot;,&quot;step_previous_label&quot;:&quot;Pr\\u00e9c\\u00e9dent&quot;,&quot;button_width&quot;:&quot;100&quot;,&quot;step_type&quot;:&quot;number_text&quot;,&quot;step_icon_shape&quot;:&quot;circle&quot;}\" data-widget_type=\"form.default\">\n\t\t\t\t<div class=\"elementor-widget-container\">\n\t\t\t\t\t\t\t<form class=\"elementor-form\" method=\"post\" name=\"Contact\" aria-label=\"Kontakt\" action=\"\">\n\t\t\t<input type=\"hidden\" name=\"post_id\" value=\"17\"\/>\n\t\t\t<input type=\"hidden\" name=\"form_id\" value=\"3ad47ba\"\/>\n\t\t\t<input type=\"hidden\" name=\"referer_title\" value=\"Contact et demande de devis - PNX Rescue\" \/>\n\n\t\t\t\t\t\t\t<input type=\"hidden\" name=\"queried_id\" value=\"17\"\/>\n\t\t\t\n\t\t\t<div class=\"elementor-form-fields-wrapper elementor-labels-above\">\n\t\t\t\t\t\t\t\t<div class=\"elementor-field-type-text elementor-field-group elementor-column elementor-field-group-name elementor-col-50\">\n\t\t\t\t\t\t\t\t\t\t\t\t<label for=\"form-field-name\" class=\"elementor-field-label\">\n\t\t\t\t\t\t\t\tName\t\t\t\t\t\t\t<\/label>\n\t\t\t\t\t\t\t\t\t\t\t\t\t\t<input size=\"1\" type=\"text\" name=\"form_fields[name]\" id=\"form-field-name\" class=\"elementor-field elementor-size-sm  elementor-field-textual\" placeholder=\"Name\">\n\t\t\t\t\t\t\t\t\t\t\t<\/div>\n\t\t\t\t\t\t\t\t<div class=\"elementor-field-type-text elementor-field-group elementor-column elementor-field-group-field_a68db39 elementor-col-50\">\n\t\t\t\t\t\t\t\t\t\t\t\t<label for=\"form-field-field_a68db39\" class=\"elementor-field-label\">\n\t\t\t\t\t\t\t\tUnternehmen\t\t\t\t\t\t\t<\/label>\n\t\t\t\t\t\t\t\t\t\t\t\t\t\t<input size=\"1\" type=\"text\" name=\"form_fields[field_a68db39]\" id=\"form-field-field_a68db39\" class=\"elementor-field elementor-size-sm  elementor-field-textual\" placeholder=\"Unternehmen\">\n\t\t\t\t\t\t\t\t\t\t\t<\/div>\n\t\t\t\t\t\t\t\t<div class=\"elementor-field-type-email elementor-field-group elementor-column elementor-field-group-email elementor-col-50 elementor-field-required elementor-mark-required\">\n\t\t\t\t\t\t\t\t\t\t\t\t<label for=\"form-field-email\" class=\"elementor-field-label\">\n\t\t\t\t\t\t\t\tE-Mail\t\t\t\t\t\t\t<\/label>\n\t\t\t\t\t\t\t\t\t\t\t\t\t\t<input size=\"1\" type=\"email\" name=\"form_fields[email]\" id=\"form-field-email\" class=\"elementor-field elementor-size-sm  elementor-field-textual\" placeholder=\"E-Mail\" required=\"required\">\n\t\t\t\t\t\t\t\t\t\t\t<\/div>\n\t\t\t\t\t\t\t\t<div class=\"elementor-field-type-text elementor-field-group elementor-column elementor-field-group-field_19640fc elementor-col-50 elementor-field-required elementor-mark-required\">\n\t\t\t\t\t\t\t\t\t\t\t\t<label for=\"form-field-field_19640fc\" class=\"elementor-field-label\">\n\t\t\t\t\t\t\t\tTelefon\t\t\t\t\t\t\t<\/label>\n\t\t\t\t\t\t\t\t\t\t\t\t\t\t<input size=\"1\" type=\"text\" name=\"form_fields[field_19640fc]\" id=\"form-field-field_19640fc\" class=\"elementor-field elementor-size-sm  elementor-field-textual\" placeholder=\"Telefon\" required=\"required\">\n\t\t\t\t\t\t\t\t\t\t\t<\/div>\n\t\t\t\t\t\t\t\t<div class=\"elementor-field-type-textarea elementor-field-group elementor-column elementor-field-group-message elementor-col-100\">\n\t\t\t\t\t\t\t\t\t\t\t\t<label for=\"form-field-message\" class=\"elementor-field-label\">\n\t\t\t\t\t\t\t\tNachricht\t\t\t\t\t\t\t<\/label>\n\t\t\t\t\t\t<textarea class=\"elementor-field-textual elementor-field  elementor-size-sm\" name=\"form_fields[message]\" id=\"form-field-message\" rows=\"3\" placeholder=\"Was ist Ihr Bedarf?\"><\/textarea>\t\t\t\t<\/div>\n\t\t\t\t\t\t\t\t<div class=\"elementor-field-type-recaptcha_v3 elementor-field-group elementor-column elementor-field-group-field_7d6d21e elementor-col-100 recaptcha_v3-bottomright\">\n\t\t\t\t\t<div class=\"elementor-field\" id=\"form-field-field_7d6d21e\"><div class=\"elementor-g-recaptcha\" data-sitekey=\"6LduWt0qAAAAAFnDRnyCW5YOuO65_ZcOGgbwn7q5\" data-type=\"v3\" data-action=\"Form\" data-badge=\"bottomright\" data-size=\"invisible\"><\/div><\/div>\t\t\t\t<\/div>\n\t\t\t\t\t\t\t\t<div class=\"elementor-field-group elementor-column elementor-field-type-submit elementor-col-100 e-form__buttons\">\n\t\t\t\t\t<button class=\"elementor-button elementor-size-sm\" type=\"submit\">\n\t\t\t\t\t\t<span class=\"elementor-button-content-wrapper\">\n\t\t\t\t\t\t\t\t\t\t\t\t\t\t\t\t\t\t\t\t\t\t<span class=\"elementor-button-text\">Schicken<\/span>\n\t\t\t\t\t\t\t\t\t\t\t\t\t<\/span>\n\t\t\t\t\t<\/button>\n\t\t\t\t<\/div>\n\t\t\t<\/div>\n\t\t<input type=\"hidden\" name=\"trp-form-language\" value=\"de\"\/><\/form>\n\t\t\t\t\t\t<\/div>\n\t\t\t\t<\/div>\n\t\t\t\t<\/div>\n\t\t\t\t<\/div>\n\t\t\t\t<\/div>\n\t\t<div class=\"elementor-element elementor-element-1c5b1fd9 e-con-full e-flex e-con e-parent\" data-id=\"1c5b1fd9\" data-element_type=\"container\" data-settings=\"{&quot;background_background&quot;:&quot;classic&quot;}\">\n\t\t\t\t<div class=\"elementor-element elementor-element-34d9a1b1 animated-slow elementor-invisible elementor-widget elementor-widget-google_maps\" data-id=\"34d9a1b1\" data-element_type=\"widget\" data-settings=\"{&quot;_animation&quot;:&quot;fadeIn&quot;}\" data-widget_type=\"google_maps.default\">\n\t\t\t\t<div class=\"elementor-widget-container\">\n\t\t\t\t\t\t\t<div class=\"elementor-custom-embed\">\n\t\t\t<iframe loading=\"lazy\"\n\t\t\t\t\tsrc=\"https:\/\/maps.google.com\/maps?q=Av.%20de%20Ch%C3%A2telaine%2070%2C%201219%20Ch%C3%A2telaine&#038;t=m&#038;z=14&#038;output=embed&#038;iwloc=near\"\n\t\t\t\t\ttitle=\"Av. de Ch\u00e2telaine 70, 1219 Ch\u00e2telaine\"\n\t\t\t\t\taria-label=\"Av. de Ch\u00e2telaine 70, 1219 Ch\u00e2telaine\"\n\t\t\t><\/iframe>\n\t\t<\/div>\n\t\t\t\t\t\t<\/div>\n\t\t\t\t<\/div>\n\t\t\t\t<\/div>\n\t\t\t\t<\/div>","protected":false},"excerpt":{"rendered":"<p>Nous contacter PNX Rescue, conception d&rsquo;ambulance en Suisse, se tient \u00e0 votre disposition pour toute demande d&rsquo;informations ou devis. Icon-instagram-1 Linkedin-in Un projet ? Parlons-en ! Nous situer Voir sur Maps T\u00e9l\u00e9phone +41 78 600 17 82 Email info@pnx-rescue.ch<\/p>","protected":false},"author":1,"featured_media":0,"parent":0,"menu_order":0,"comment_status":"closed","ping_status":"closed","template":"elementor_header_footer","meta":{"_acf_changed":false,"footnotes":""},"class_list":["post-17","page","type-page","status-publish","hentry"],"acf":[],"yoast_head":"<!-- This site is optimized with the Yoast SEO plugin v26.2 - https:\/\/yoast.com\/wordpress\/plugins\/seo\/ -->\n<title>Contact et demande de devis - PNX Rescue<\/title>\n<meta name=\"description\" content=\"Contacter PNX Rescue : Fabricant et concepteur d&#039;ambulances \u00e0 Gen\u00e8ve et en Suisse depuis plus de 10 ans. Obtenir un devis gratuit.\" \/>\n<meta name=\"robots\" content=\"index, follow, max-snippet:-1, max-image-preview:large, max-video-preview:-1\" \/>\n<link rel=\"canonical\" href=\"https:\/\/www.pnx-rescue.ch\/de\/kontakt\/\" \/>\n<meta property=\"og:locale\" content=\"de_DE\" \/>\n<meta property=\"og:type\" content=\"article\" \/>\n<meta property=\"og:title\" content=\"Contact et demande de devis - PNX Rescue\" \/>\n<meta property=\"og:description\" content=\"Contacter PNX Rescue : Fabricant et concepteur d&#039;ambulances \u00e0 Gen\u00e8ve et en Suisse depuis plus de 10 ans. Obtenir un devis gratuit.\" \/>\n<meta property=\"og:url\" content=\"https:\/\/www.pnx-rescue.ch\/de\/kontakt\/\" \/>\n<meta property=\"og:site_name\" content=\"PNX Rescue\" \/>\n<meta property=\"article:modified_time\" content=\"2025-12-29T15:47:54+00:00\" \/>\n<meta name=\"twitter:card\" content=\"summary_large_image\" \/>\n<meta name=\"twitter:label1\" content=\"Gesch\u00e4tzte Lesezeit\" \/>\n\t<meta name=\"twitter:data1\" content=\"1\u00a0Minute\" \/>\n<script type=\"application\/ld+json\" class=\"yoast-schema-graph\">{\"@context\":\"https:\/\/schema.org\",\"@graph\":[{\"@type\":\"WebPage\",\"@id\":\"https:\/\/www.pnx-rescue.ch\/contact\/\",\"url\":\"https:\/\/www.pnx-rescue.ch\/contact\/\",\"name\":\"Contact et demande de devis - PNX Rescue\",\"isPartOf\":{\"@id\":\"https:\/\/www.pnx-rescue.ch\/#website\"},\"datePublished\":\"2025-02-20T12:50:37+00:00\",\"dateModified\":\"2025-12-29T15:47:54+00:00\",\"description\":\"Contacter PNX Rescue : Fabricant et concepteur d'ambulances \u00e0 Gen\u00e8ve et en Suisse depuis plus de 10 ans. Obtenir un devis gratuit.\",\"breadcrumb\":{\"@id\":\"https:\/\/www.pnx-rescue.ch\/contact\/#breadcrumb\"},\"inLanguage\":\"de\",\"potentialAction\":[{\"@type\":\"ReadAction\",\"target\":[\"https:\/\/www.pnx-rescue.ch\/contact\/\"]}]},{\"@type\":\"BreadcrumbList\",\"@id\":\"https:\/\/www.pnx-rescue.ch\/contact\/#breadcrumb\",\"itemListElement\":[{\"@type\":\"ListItem\",\"position\":1,\"name\":\"Accueil\",\"item\":\"https:\/\/www.pnx-rescue.ch\/\"},{\"@type\":\"ListItem\",\"position\":2,\"name\":\"Contact\"}]},{\"@type\":\"WebSite\",\"@id\":\"https:\/\/www.pnx-rescue.ch\/#website\",\"url\":\"https:\/\/www.pnx-rescue.ch\/\",\"name\":\"PNX Rescue\",\"description\":\"Ambulances en Suisse\",\"publisher\":{\"@id\":\"https:\/\/www.pnx-rescue.ch\/#organization\"},\"potentialAction\":[{\"@type\":\"SearchAction\",\"target\":{\"@type\":\"EntryPoint\",\"urlTemplate\":\"https:\/\/www.pnx-rescue.ch\/?s={search_term_string}\"},\"query-input\":{\"@type\":\"PropertyValueSpecification\",\"valueRequired\":true,\"valueName\":\"search_term_string\"}}],\"inLanguage\":\"de\"},{\"@type\":\"Organization\",\"@id\":\"https:\/\/www.pnx-rescue.ch\/#organization\",\"name\":\"PNX Rescue\",\"url\":\"https:\/\/www.pnx-rescue.ch\/\",\"logo\":{\"@type\":\"ImageObject\",\"inLanguage\":\"de\",\"@id\":\"https:\/\/www.pnx-rescue.ch\/#\/schema\/logo\/image\/\",\"url\":\"https:\/\/www.pnx-rescue.ch\/wp-content\/uploads\/2025\/03\/ambulance-circulant-a-geneve-scaled-1.webp\",\"contentUrl\":\"https:\/\/www.pnx-rescue.ch\/wp-content\/uploads\/2025\/03\/ambulance-circulant-a-geneve-scaled-1.webp\",\"width\":2560,\"height\":1758,\"caption\":\"PNX Rescue\"},\"image\":{\"@id\":\"https:\/\/www.pnx-rescue.ch\/#\/schema\/logo\/image\/\"}}]}<\/script>\n<!-- \/ Yoast SEO plugin. -->","yoast_head_json":{"title":"Kontakt und Angebotsanfrage - PNX Rescue","description":"Kontakt PNX Rescue: Hersteller und Designer von Krankenwagen in Genf und der Schweiz seit \u00fcber 10 Jahren. Holen Sie sich ein kostenloses Angebot.","robots":{"index":"index","follow":"follow","max-snippet":"max-snippet:-1","max-image-preview":"max-image-preview:large","max-video-preview":"max-video-preview:-1"},"canonical":"https:\/\/www.pnx-rescue.ch\/de\/kontakt\/","og_locale":"de_DE","og_type":"article","og_title":"Contact et demande de devis - PNX Rescue","og_description":"Contacter PNX Rescue : Fabricant et concepteur d'ambulances \u00e0 Gen\u00e8ve et en Suisse depuis plus de 10 ans. Obtenir un devis gratuit.","og_url":"https:\/\/www.pnx-rescue.ch\/de\/kontakt\/","og_site_name":"PNX Rescue","article_modified_time":"2025-12-29T15:47:54+00:00","twitter_card":"summary_large_image","twitter_misc":{"Gesch\u00e4tzte Lesezeit":"1\u00a0Minute"},"schema":{"@context":"https:\/\/schema.org","@graph":[{"@type":"WebPage","@id":"https:\/\/www.pnx-rescue.ch\/contact\/","url":"https:\/\/www.pnx-rescue.ch\/contact\/","name":"Kontakt und Angebotsanfrage - PNX Rescue","isPartOf":{"@id":"https:\/\/www.pnx-rescue.ch\/#website"},"datePublished":"2025-02-20T12:50:37+00:00","dateModified":"2025-12-29T15:47:54+00:00","description":"Kontakt PNX Rescue: Hersteller und Designer von Krankenwagen in Genf und der Schweiz seit \u00fcber 10 Jahren. Holen Sie sich ein kostenloses Angebot.","breadcrumb":{"@id":"https:\/\/www.pnx-rescue.ch\/contact\/#breadcrumb"},"inLanguage":"de","potentialAction":[{"@type":"ReadAction","target":["https:\/\/www.pnx-rescue.ch\/contact\/"]}]},{"@type":"BreadcrumbList","@id":"https:\/\/www.pnx-rescue.ch\/contact\/#breadcrumb","itemListElement":[{"@type":"ListItem","position":1,"name":"Accueil","item":"https:\/\/www.pnx-rescue.ch\/"},{"@type":"ListItem","position":2,"name":"Contact"}]},{"@type":"WebSite","@id":"https:\/\/www.pnx-rescue.ch\/#website","url":"https:\/\/www.pnx-rescue.ch\/","name":"PNX-Rettung","description":"Ambulanzen in der Schweiz","publisher":{"@id":"https:\/\/www.pnx-rescue.ch\/#organization"},"potentialAction":[{"@type":"SearchAction","target":{"@type":"EntryPoint","urlTemplate":"https:\/\/www.pnx-rescue.ch\/?s={search_term_string}"},"query-input":{"@type":"PropertyValueSpecification","valueRequired":true,"valueName":"search_term_string"}}],"inLanguage":"de"},{"@type":"Organization","@id":"https:\/\/www.pnx-rescue.ch\/#organization","name":"PNX-Rettung","url":"https:\/\/www.pnx-rescue.ch\/","logo":{"@type":"ImageObject","inLanguage":"de","@id":"https:\/\/www.pnx-rescue.ch\/#\/schema\/logo\/image\/","url":"https:\/\/www.pnx-rescue.ch\/wp-content\/uploads\/2025\/03\/ambulance-circulant-a-geneve-scaled-1.webp","contentUrl":"https:\/\/www.pnx-rescue.ch\/wp-content\/uploads\/2025\/03\/ambulance-circulant-a-geneve-scaled-1.webp","width":2560,"height":1758,"caption":"PNX Rescue"},"image":{"@id":"https:\/\/www.pnx-rescue.ch\/#\/schema\/logo\/image\/"}}]}},"_links":{"self":[{"href":"https:\/\/www.pnx-rescue.ch\/de\/wp-json\/wp\/v2\/pages\/17","targetHints":{"allow":["GET"]}}],"collection":[{"href":"https:\/\/www.pnx-rescue.ch\/de\/wp-json\/wp\/v2\/pages"}],"about":[{"href":"https:\/\/www.pnx-rescue.ch\/de\/wp-json\/wp\/v2\/types\/page"}],"author":[{"embeddable":true,"href":"https:\/\/www.pnx-rescue.ch\/de\/wp-json\/wp\/v2\/users\/1"}],"replies":[{"embeddable":true,"href":"https:\/\/www.pnx-rescue.ch\/de\/wp-json\/wp\/v2\/comments?post=17"}],"version-history":[{"count":106,"href":"https:\/\/www.pnx-rescue.ch\/de\/wp-json\/wp\/v2\/pages\/17\/revisions"}],"predecessor-version":[{"id":1556,"href":"https:\/\/www.pnx-rescue.ch\/de\/wp-json\/wp\/v2\/pages\/17\/revisions\/1556"}],"wp:attachment":[{"href":"https:\/\/www.pnx-rescue.ch\/de\/wp-json\/wp\/v2\/media?parent=17"}],"curies":[{"name":"wp","href":"https:\/\/api.w.org\/{rel}","templated":true}]}}