{"id":542,"date":"2025-02-26T13:39:59","date_gmt":"2025-02-26T12:39:59","guid":{"rendered":"https:\/\/vwebdev3.fr\/?page_id=542"},"modified":"2025-11-03T17:11:02","modified_gmt":"2025-11-03T16:11:02","slug":"confidentialite","status":"publish","type":"page","link":"https:\/\/www.pnx-rescue.ch\/es\/confidencialidad\/","title":{"rendered":"Confidencialidad"},"content":{"rendered":"<div data-elementor-type=\"wp-page\" data-elementor-id=\"542\" class=\"elementor elementor-542\" data-elementor-post-type=\"page\">\n\t\t\t\t<div class=\"elementor-element elementor-element-e0562f1 e-flex e-con-boxed e-con e-parent\" data-id=\"e0562f1\" data-element_type=\"container\">\n\t\t\t\t\t<div class=\"e-con-inner\">\n\t\t\t\t<div class=\"elementor-element elementor-element-dde2336 elementor-widget elementor-widget-heading\" data-id=\"dde2336\" data-element_type=\"widget\" data-widget_type=\"heading.default\">\n\t\t\t\t<div class=\"elementor-widget-container\">\n\t\t\t\t\t<h1 class=\"elementor-heading-title elementor-size-default\">Confidencialidad<\/h1>\t\t\t\t<\/div>\n\t\t\t\t<\/div>\n\t\t\t\t<div class=\"elementor-element elementor-element-b8198d0 elementor-widget elementor-widget-text-editor\" data-id=\"b8198d0\" data-element_type=\"widget\" data-widget_type=\"text-editor.default\">\n\t\t\t\t<div class=\"elementor-widget-container\">\n\t\t\t\t\t\t\t\t\t<p><strong>\u00daltima actualizaci\u00f3n:<\/strong> 26\/02\/2025<\/p><h2>1. Introducci\u00f3n<\/h2><p>En PNX Rescue, la protecci\u00f3n de sus datos personales es fundamental. Esta pol\u00edtica de privacidad tiene como objetivo informarle sobre c\u00f3mo recopilamos, utilizamos y protegemos su informaci\u00f3n de acuerdo con la normativa aplicable, incluido el Reglamento General de Protecci\u00f3n de Datos (RGPD) en Francia y la Ley Federal de Protecci\u00f3n de Datos (LFPD) en Suiza.<\/p><h2>2. Datos recopilados<\/h2><p>Cuando usted se comunica con nosotros a trav\u00e9s de nuestro sitio web, recopilamos los siguientes datos:<\/p><ul><li>Nombre<\/li><li>Nombre de pila<\/li><li>Compa\u00f1\u00eda<\/li><li>Direcci\u00f3n de correo electr\u00f3nico<\/li><li>N\u00famero de tel\u00e9fono<\/li><\/ul><h2>3. Finalidad de la recogida<\/h2><p>Recopilamos esta informaci\u00f3n con el prop\u00f3sito de:<\/p><ul><li>Respondiendo a sus consultas o solicitudes de cotizaci\u00f3n.<\/li><li>Establecer un contacto comercial.<\/li><li>Para mejorar nuestros servicios y relaciones con los clientes.<\/li><\/ul><h2>4. Base jur\u00eddica del tratamiento<\/h2><p>Procesamos sus datos personales sobre la siguiente base:<\/p><ul><li>Con su consentimiento expl\u00edcito al enviar el formulario de contacto.<\/li><li>De nuestro inter\u00e9s leg\u00edtimo en gestionar nuestra relaci\u00f3n con nuestros clientes y prospectos.<\/li><\/ul><h2>5. Retenci\u00f3n de datos<\/h2><p>Sus datos personales se conservan durante un m\u00e1ximo de 3 a\u00f1os desde el \u00faltimo contacto con usted.<br \/>Pasado este plazo ser\u00e1n suprimidos o anonimizados, salvo que exista obligaci\u00f3n legal de conservarlos.<\/p><h2>6. Seguridad de los datos<\/h2><p>Implementamos medidas de seguridad t\u00e9cnicas y organizativas para proteger sus datos contra accesos no autorizados.,<br \/>p\u00e9rdida, alteraci\u00f3n o divulgaci\u00f3n.<\/p><h2>7. Intercambio de datos<\/h2><p>Sus datos nunca se venden ni se alquilan. Solo se pueden compartir con:<\/p><ul><li>Nuestros proveedores de servicios t\u00e9cnicos (hosting, mantenimiento del sitio), en la medida necesaria para la ejecuci\u00f3n de sus servicios.<\/li><li>Las autoridades competentes, si as\u00ed lo exige la ley.<\/li><\/ul><h2>8. Sus derechos<\/h2><p>De acuerdo con la legislaci\u00f3n aplicable, usted tiene los siguientes derechos:<\/p><ul><li><strong>Derecho de acceso:<\/strong> Puede solicitar ver los datos personales que tenemos sobre usted.<\/li><li><strong>Derecho de rectificaci\u00f3n:<\/strong> Puede solicitar que se corrija su informaci\u00f3n si es inexacta.<\/li><li><strong>Derecho de supresi\u00f3n:<\/strong> Podr\u00e1s solicitar la eliminaci\u00f3n de tus datos bajo determinadas condiciones.<\/li><li><strong>Derecho a oponerse:<\/strong> Puede oponerse al tratamiento de sus datos para determinados fines.<\/li><li><strong>Derecho a la portabilidad de datos:<\/strong> Usted puede solicitar que sus datos sean transmitidos a un tercero.<\/li><li><strong>Derecho a retirar el consentimiento:<\/strong> Si el tratamiento se basa en su consentimiento, podr\u00e1 retirarlo en cualquier momento.<\/li><\/ul><div>\u00a0<\/div><p>Para ejercer sus derechos, puede contactarnos a la siguiente direcci\u00f3n: rositavde@pnx-rescue.ch<\/p><h2>9. Galletas<\/h2><p>Nuestro sitio utiliza cookies \u00fanicamente con fines funcionales. No recopilamos cookies de publicidad ni de seguimiento sin su consentimiento.<\/p><h2>10. Contacto<\/h2><p>Para cualquier pregunta respecto a esta pol\u00edtica de privacidad, puede contactarnos en:<\/p><p><strong>Rescate PNX<\/strong><br \/>70 Avenue de Ch\u00e2telaine, 1219 Ch\u00e2telaine<br \/>Correo electr\u00f3nico: info@pnx-rescue.ch<\/p><h2>11. Modificaciones<\/h2><p>Nos reservamos el derecho de modificar esta pol\u00edtica en cualquier momento. Cualquier cambio se publicar\u00e1 en esta p\u00e1gina junto con la fecha de actualizaci\u00f3n.<\/p>\t\t\t\t\t\t\t\t<\/div>\n\t\t\t\t<\/div>\n\t\t\t\t\t<\/div>\n\t\t\t\t<\/div>\n\t\t\t\t<\/div>","protected":false},"excerpt":{"rendered":"<p>Confidentialit\u00e9 Derni\u00e8re mise \u00e0 jour : 26\/02\/2025 1. Introduction La soci\u00e9t\u00e9 PNX Rescue attache une grande importance \u00e0 la protection de vos donn\u00e9es personnelles. cette politique de confidentialit\u00e9 vise \u00e0 vous informer sur la mani\u00e8re dont nous collectons, utilisons et prot\u00e9geons vos informations conform\u00e9ment aux r\u00e9glementations en vigueur, notamment le R\u00e8glement G\u00e9n\u00e9ral sur la Protection [&hellip;]<\/p>","protected":false},"author":1,"featured_media":0,"parent":0,"menu_order":0,"comment_status":"closed","ping_status":"closed","template":"","meta":{"_acf_changed":false,"footnotes":""},"class_list":["post-542","page","type-page","status-publish","hentry"],"acf":[],"yoast_head":"<!-- This site is optimized with the Yoast SEO plugin v26.2 - https:\/\/yoast.com\/wordpress\/plugins\/seo\/ -->\n<title>Confidentialit\u00e9 - PNX Rescue<\/title>\n<meta name=\"description\" content=\"Notre politique de confidentialit\u00e9 : d\u00e9couvrez comment sont stock\u00e9es vos donn\u00e9es.\" \/>\n<meta name=\"robots\" content=\"index, follow, max-snippet:-1, max-image-preview:large, max-video-preview:-1\" \/>\n<link rel=\"canonical\" href=\"https:\/\/www.pnx-rescue.ch\/es\/confidencialidad\/\" \/>\n<meta property=\"og:locale\" content=\"es_ES\" \/>\n<meta property=\"og:type\" content=\"article\" \/>\n<meta property=\"og:title\" content=\"Confidentialit\u00e9 - PNX Rescue\" \/>\n<meta property=\"og:description\" content=\"Notre politique de confidentialit\u00e9 : d\u00e9couvrez comment sont stock\u00e9es vos donn\u00e9es.\" \/>\n<meta property=\"og:url\" content=\"https:\/\/www.pnx-rescue.ch\/es\/confidencialidad\/\" \/>\n<meta property=\"og:site_name\" content=\"PNX Rescue\" \/>\n<meta property=\"article:modified_time\" content=\"2025-11-03T16:11:02+00:00\" \/>\n<meta name=\"twitter:card\" content=\"summary_large_image\" \/>\n<meta name=\"twitter:label1\" content=\"Tiempo de lectura\" \/>\n\t<meta name=\"twitter:data1\" content=\"3 minutos\" \/>\n<script type=\"application\/ld+json\" class=\"yoast-schema-graph\">{\"@context\":\"https:\/\/schema.org\",\"@graph\":[{\"@type\":\"WebPage\",\"@id\":\"https:\/\/www.pnx-rescue.ch\/confidentialite\/\",\"url\":\"https:\/\/www.pnx-rescue.ch\/confidentialite\/\",\"name\":\"Confidentialit\u00e9 - PNX Rescue\",\"isPartOf\":{\"@id\":\"https:\/\/www.pnx-rescue.ch\/#website\"},\"datePublished\":\"2025-02-26T12:39:59+00:00\",\"dateModified\":\"2025-11-03T16:11:02+00:00\",\"description\":\"Notre politique de confidentialit\u00e9 : d\u00e9couvrez comment sont stock\u00e9es vos donn\u00e9es.\",\"breadcrumb\":{\"@id\":\"https:\/\/www.pnx-rescue.ch\/confidentialite\/#breadcrumb\"},\"inLanguage\":\"es\",\"potentialAction\":[{\"@type\":\"ReadAction\",\"target\":[\"https:\/\/www.pnx-rescue.ch\/confidentialite\/\"]}]},{\"@type\":\"BreadcrumbList\",\"@id\":\"https:\/\/www.pnx-rescue.ch\/confidentialite\/#breadcrumb\",\"itemListElement\":[{\"@type\":\"ListItem\",\"position\":1,\"name\":\"Accueil\",\"item\":\"https:\/\/www.pnx-rescue.ch\/\"},{\"@type\":\"ListItem\",\"position\":2,\"name\":\"Confidentialit\u00e9\"}]},{\"@type\":\"WebSite\",\"@id\":\"https:\/\/www.pnx-rescue.ch\/#website\",\"url\":\"https:\/\/www.pnx-rescue.ch\/\",\"name\":\"PNX Rescue\",\"description\":\"Ambulances en Suisse\",\"publisher\":{\"@id\":\"https:\/\/www.pnx-rescue.ch\/#organization\"},\"potentialAction\":[{\"@type\":\"SearchAction\",\"target\":{\"@type\":\"EntryPoint\",\"urlTemplate\":\"https:\/\/www.pnx-rescue.ch\/?s={search_term_string}\"},\"query-input\":{\"@type\":\"PropertyValueSpecification\",\"valueRequired\":true,\"valueName\":\"search_term_string\"}}],\"inLanguage\":\"es\"},{\"@type\":\"Organization\",\"@id\":\"https:\/\/www.pnx-rescue.ch\/#organization\",\"name\":\"PNX Rescue\",\"url\":\"https:\/\/www.pnx-rescue.ch\/\",\"logo\":{\"@type\":\"ImageObject\",\"inLanguage\":\"es\",\"@id\":\"https:\/\/www.pnx-rescue.ch\/#\/schema\/logo\/image\/\",\"url\":\"https:\/\/www.pnx-rescue.ch\/wp-content\/uploads\/2025\/03\/ambulance-circulant-a-geneve-scaled-1.webp\",\"contentUrl\":\"https:\/\/www.pnx-rescue.ch\/wp-content\/uploads\/2025\/03\/ambulance-circulant-a-geneve-scaled-1.webp\",\"width\":2560,\"height\":1758,\"caption\":\"PNX Rescue\"},\"image\":{\"@id\":\"https:\/\/www.pnx-rescue.ch\/#\/schema\/logo\/image\/\"}}]}<\/script>\n<!-- \/ Yoast SEO plugin. -->","yoast_head_json":{"title":"Privacidad - PNX Rescue","description":"Nuestra pol\u00edtica de privacidad: descubre c\u00f3mo se almacenan tus datos.","robots":{"index":"index","follow":"follow","max-snippet":"max-snippet:-1","max-image-preview":"max-image-preview:large","max-video-preview":"max-video-preview:-1"},"canonical":"https:\/\/www.pnx-rescue.ch\/es\/confidencialidad\/","og_locale":"es_ES","og_type":"article","og_title":"Confidentialit\u00e9 - PNX Rescue","og_description":"Notre politique de confidentialit\u00e9 : d\u00e9couvrez comment sont stock\u00e9es vos donn\u00e9es.","og_url":"https:\/\/www.pnx-rescue.ch\/es\/confidencialidad\/","og_site_name":"PNX Rescue","article_modified_time":"2025-11-03T16:11:02+00:00","twitter_card":"summary_large_image","twitter_misc":{"Tiempo de lectura":"3 minutos"},"schema":{"@context":"https:\/\/schema.org","@graph":[{"@type":"WebPage","@id":"https:\/\/www.pnx-rescue.ch\/confidentialite\/","url":"https:\/\/www.pnx-rescue.ch\/confidentialite\/","name":"Privacidad - PNX Rescue","isPartOf":{"@id":"https:\/\/www.pnx-rescue.ch\/#website"},"datePublished":"2025-02-26T12:39:59+00:00","dateModified":"2025-11-03T16:11:02+00:00","description":"Nuestra pol\u00edtica de privacidad: descubre c\u00f3mo se almacenan tus datos.","breadcrumb":{"@id":"https:\/\/www.pnx-rescue.ch\/confidentialite\/#breadcrumb"},"inLanguage":"es","potentialAction":[{"@type":"ReadAction","target":["https:\/\/www.pnx-rescue.ch\/confidentialite\/"]}]},{"@type":"BreadcrumbList","@id":"https:\/\/www.pnx-rescue.ch\/confidentialite\/#breadcrumb","itemListElement":[{"@type":"ListItem","position":1,"name":"Accueil","item":"https:\/\/www.pnx-rescue.ch\/"},{"@type":"ListItem","position":2,"name":"Confidentialit\u00e9"}]},{"@type":"WebSite","@id":"https:\/\/www.pnx-rescue.ch\/#website","url":"https:\/\/www.pnx-rescue.ch\/","name":"Rescate PNX","description":"Ambulancias en Suiza","publisher":{"@id":"https:\/\/www.pnx-rescue.ch\/#organization"},"potentialAction":[{"@type":"SearchAction","target":{"@type":"EntryPoint","urlTemplate":"https:\/\/www.pnx-rescue.ch\/?s={search_term_string}"},"query-input":{"@type":"PropertyValueSpecification","valueRequired":true,"valueName":"search_term_string"}}],"inLanguage":"es"},{"@type":"Organization","@id":"https:\/\/www.pnx-rescue.ch\/#organization","name":"Rescate PNX","url":"https:\/\/www.pnx-rescue.ch\/","logo":{"@type":"ImageObject","inLanguage":"es","@id":"https:\/\/www.pnx-rescue.ch\/#\/schema\/logo\/image\/","url":"https:\/\/www.pnx-rescue.ch\/wp-content\/uploads\/2025\/03\/ambulance-circulant-a-geneve-scaled-1.webp","contentUrl":"https:\/\/www.pnx-rescue.ch\/wp-content\/uploads\/2025\/03\/ambulance-circulant-a-geneve-scaled-1.webp","width":2560,"height":1758,"caption":"PNX Rescue"},"image":{"@id":"https:\/\/www.pnx-rescue.ch\/#\/schema\/logo\/image\/"}}]}},"_links":{"self":[{"href":"https:\/\/www.pnx-rescue.ch\/es\/wp-json\/wp\/v2\/pages\/542","targetHints":{"allow":["GET"]}}],"collection":[{"href":"https:\/\/www.pnx-rescue.ch\/es\/wp-json\/wp\/v2\/pages"}],"about":[{"href":"https:\/\/www.pnx-rescue.ch\/es\/wp-json\/wp\/v2\/types\/page"}],"author":[{"embeddable":true,"href":"https:\/\/www.pnx-rescue.ch\/es\/wp-json\/wp\/v2\/users\/1"}],"replies":[{"embeddable":true,"href":"https:\/\/www.pnx-rescue.ch\/es\/wp-json\/wp\/v2\/comments?post=542"}],"version-history":[{"count":10,"href":"https:\/\/www.pnx-rescue.ch\/es\/wp-json\/wp\/v2\/pages\/542\/revisions"}],"predecessor-version":[{"id":1355,"href":"https:\/\/www.pnx-rescue.ch\/es\/wp-json\/wp\/v2\/pages\/542\/revisions\/1355"}],"wp:attachment":[{"href":"https:\/\/www.pnx-rescue.ch\/es\/wp-json\/wp\/v2\/media?parent=542"}],"curies":[{"name":"wp","href":"https:\/\/api.w.org\/{rel}","templated":true}]}}