{"id":277,"date":"2025-02-26T10:26:04","date_gmt":"2025-02-26T09:26:04","guid":{"rendered":"https:\/\/vwebdev3.fr\/?page_id=277"},"modified":"2025-12-29T15:18:20","modified_gmt":"2025-12-29T14:18:20","slug":"projets","status":"publish","type":"page","link":"https:\/\/www.pnx-rescue.ch\/it\/progetti\/","title":{"rendered":"Progetti"},"content":{"rendered":"<div data-elementor-type=\"wp-page\" data-elementor-id=\"277\" class=\"elementor elementor-277\" data-elementor-post-type=\"page\">\n\t\t\t\t<div class=\"elementor-element elementor-element-210a838 e-flex e-con-boxed e-con e-parent\" data-id=\"210a838\" data-element_type=\"container\" data-settings=\"{&quot;background_background&quot;:&quot;classic&quot;}\">\n\t\t\t\t\t<div class=\"e-con-inner\">\n\t\t\t\t<div class=\"elementor-element elementor-element-1d9ae50 elementor-align-left elementor-widget elementor-widget-breadcrumbs\" data-id=\"1d9ae50\" data-element_type=\"widget\" data-widget_type=\"breadcrumbs.default\">\n\t\t\t\t<div class=\"elementor-widget-container\">\n\t\t\t\t\t<p id=\"breadcrumbs\"><span><span><a href=\"https:\/\/www.pnx-rescue.ch\/it\/\">Benvenuto<\/a><\/span><\/span><\/p>\t\t\t\t<\/div>\n\t\t\t\t<\/div>\n\t\t\t\t<div class=\"elementor-element elementor-element-ec4b63a elementor-invisible elementor-widget elementor-widget-heading\" data-id=\"ec4b63a\" data-element_type=\"widget\" data-settings=\"{&quot;_animation&quot;:&quot;fadeIn&quot;,&quot;_animation_delay&quot;:200}\" data-widget_type=\"heading.default\">\n\t\t\t\t<div class=\"elementor-widget-container\">\n\t\t\t\t\t<h1 class=\"elementor-heading-title elementor-size-default\">I nostri progetti di ambulanza in Svizzera<\/h1>\t\t\t\t<\/div>\n\t\t\t\t<\/div>\n\t\t\t\t\t<\/div>\n\t\t\t\t<\/div>\n\t\t<div class=\"elementor-element elementor-element-f2c70d4 e-flex e-con-boxed e-con e-parent\" data-id=\"f2c70d4\" data-element_type=\"container\">\n\t\t\t\t\t<div class=\"e-con-inner\">\n\t\t\t\t<div class=\"elementor-element elementor-element-73b7b14 elementor-invisible elementor-widget elementor-widget-text-editor\" data-id=\"73b7b14\" data-element_type=\"widget\" data-settings=\"{&quot;_animation&quot;:&quot;fadeIn&quot;,&quot;_animation_delay&quot;:400}\" data-widget_type=\"text-editor.default\">\n\t\t\t\t<div class=\"elementor-widget-container\">\n\t\t\t\t\t\t\t\t\t<p>PNX Rescue, <a href=\"https:\/\/www.pnx-rescue.ch\/it\/\">produttore di ambulanze in Svizzera<\/a>, presenta i suoi ultimi prodotti e le recenti modifiche apportate ai veicoli.<\/p>\t\t\t\t\t\t\t\t<\/div>\n\t\t\t\t<\/div>\n\t\t\t\t\t<\/div>\n\t\t\t\t<\/div>\n\t\t<div class=\"elementor-element elementor-element-f361205 e-flex e-con-boxed e-con e-parent\" data-id=\"f361205\" data-element_type=\"container\" data-settings=\"{&quot;background_background&quot;:&quot;classic&quot;}\">\n\t\t\t\t\t<div class=\"e-con-inner\">\n\t\t<div class=\"elementor-element elementor-element-f6a5cb8 e-con-full e-flex e-con e-child\" data-id=\"f6a5cb8\" data-element_type=\"container\">\n\t\t<div class=\"elementor-element elementor-element-8d801b1 e-con-full e-flex e-con e-child\" data-id=\"8d801b1\" data-element_type=\"container\">\n\t\t\t\t<div class=\"elementor-element elementor-element-8c275a4 elementor-invisible elementor-widget elementor-widget-heading\" data-id=\"8c275a4\" data-element_type=\"widget\" data-settings=\"{&quot;_animation&quot;:&quot;fadeIn&quot;,&quot;_animation_delay&quot;:200}\" data-widget_type=\"heading.default\">\n\t\t\t\t<div class=\"elementor-widget-container\">\n\t\t\t\t\t<h2 class=\"elementor-heading-title elementor-size-default\">I nostri successi<\/h2>\t\t\t\t<\/div>\n\t\t\t\t<\/div>\n\t\t\t\t<\/div>\n\t\t<div class=\"elementor-element elementor-element-db2418e e-con-full e-flex e-con e-child\" data-id=\"db2418e\" data-element_type=\"container\">\n\t\t\t\t<div class=\"elementor-element elementor-element-0d4f85d elementor-widget__width-inherit elementor-invisible elementor-widget elementor-widget-text-editor\" data-id=\"0d4f85d\" data-element_type=\"widget\" data-settings=\"{&quot;_animation&quot;:&quot;fadeIn&quot;}\" data-widget_type=\"text-editor.default\">\n\t\t\t\t<div class=\"elementor-widget-container\">\n\t\t\t\t\t\t\t\t\t<p>Un progetto in lavorazione?<\/p>\t\t\t\t\t\t\t\t<\/div>\n\t\t\t\t<\/div>\n\t\t\t\t<div class=\"elementor-element elementor-element-921eef8 elementor-align-right elementor-mobile-align-center elementor-invisible elementor-widget elementor-widget-button\" data-id=\"921eef8\" data-element_type=\"widget\" data-settings=\"{&quot;_animation&quot;:&quot;fadeIn&quot;,&quot;_animation_delay&quot;:400}\" data-widget_type=\"button.default\">\n\t\t\t\t<div class=\"elementor-widget-container\">\n\t\t\t\t\t\t\t\t\t<div class=\"elementor-button-wrapper\">\n\t\t\t\t\t<a class=\"elementor-button elementor-button-link elementor-size-sm\" href=\"https:\/\/www.pnx-rescue.ch\/it\/contatto\/\">\n\t\t\t\t\t\t<span class=\"elementor-button-content-wrapper\">\n\t\t\t\t\t\t\t\t\t<span class=\"elementor-button-text\">Contattaci<\/span>\n\t\t\t\t\t<\/span>\n\t\t\t\t\t<\/a>\n\t\t\t\t<\/div>\n\t\t\t\t\t\t\t\t<\/div>\n\t\t\t\t<\/div>\n\t\t\t\t<\/div>\n\t\t\t\t<\/div>\n\t\t\t\t<div class=\"elementor-element elementor-element-b8dff7e elementor-invisible elementor-widget elementor-widget-elementskit-blog-posts\" data-id=\"b8dff7e\" data-element_type=\"widget\" data-settings=\"{&quot;_animation&quot;:&quot;fadeIn&quot;,&quot;_animation_delay&quot;:400}\" data-widget_type=\"elementskit-blog-posts.default\">\n\t\t\t\t<div class=\"elementor-widget-container\">\n\t\t\t\t\t<div class=\"ekit-wid-con\" >        <div id=\"post-items--b8dff7e\" class=\"row post-items\">\n                    <div class=\"col-lg-3 col-md-6\">\n\n                                    <div class=\"elementskit-post-image-card\">\n                        <div class=\"elementskit-entry-header\">\n                                                            <a href=\"https:\/\/www.pnx-rescue.ch\/it\/consegna-di-unambulanza-usata\/\" class=\"elementskit-entry-thumb\">\n                                    <img decoding=\"async\" src=\"https:\/\/www.pnx-rescue.ch\/wp-content\/uploads\/2025\/02\/ambulance-caisson-suisse.webp\" alt=\"Consegna di un&#039;ambulanza usata\">\n                                <\/a><!-- .elementskit-entry-thumb END -->\n                                                            \n                            \n\t\t\t\t\t\t\t\t\t\t\t\t\t<\/div><!-- .elementskit-entry-header END -->\n\n\t\t\t\t\t\t<div class=\"elementskit-post-body\">\n\t\t\t\t\t\t\t\n\t\t\t\t\t\t\t\t\t\t\t\t\t\t\t\t\t\t\t\t\t\t\t\t\t\n\t\t\t\t\t\t\t\t\n\t\t\t\t\t\t\t\t\t\t\t\t\t\t\t\t\t\t\t\t\t<h2 class=\"entry-title\">\n\t\t\t\t\t<a href=\"https:\/\/www.pnx-rescue.ch\/it\/consegna-di-unambulanza-usata\/\">\n\t\t\t\t\t\tConsegna di un&#039;ambulanza usata\t\t\t\t\t<\/a>\n\t\t\t\t<\/h2>\n\t\t\t\t\t\t\t\t\t\t\t\t\t\t\t\t\t\t\t\t\t\t\t\t\t\t\t\t\t\t\t\t\t\t\t\t\t\t\t\t\t\t<p><\/p>\n\t\t\t\t\t\t\t\t\t\t\t\t\t\t\t\t\t\t\t\t\t\t                                                    <\/div><!-- .elementskit-post-body END -->\n                    <\/div>\n                \n            <\/div>\n                    <div class=\"col-lg-3 col-md-6\">\n\n                                    <div class=\"elementskit-post-image-card\">\n                        <div class=\"elementskit-entry-header\">\n                                                            <a href=\"https:\/\/www.pnx-rescue.ch\/it\/ambulanza-di-emergenza-su-misura\/\" class=\"elementskit-entry-thumb\">\n                                    <img decoding=\"async\" src=\"https:\/\/www.pnx-rescue.ch\/wp-content\/uploads\/2025\/02\/ambulance-urgence-sur-mesure-conception-suisse-1.webp\" alt=\"Ambulanza di emergenza personalizzata\">\n                                <\/a><!-- .elementskit-entry-thumb END -->\n                                                            \n                            \n\t\t\t\t\t\t\t\t\t\t\t\t\t<\/div><!-- .elementskit-entry-header END -->\n\n\t\t\t\t\t\t<div class=\"elementskit-post-body\">\n\t\t\t\t\t\t\t\n\t\t\t\t\t\t\t\t\t\t\t\t\t\t\t\t\t\t\t\t\t\t\t\t\t\n\t\t\t\t\t\t\t\t\n\t\t\t\t\t\t\t\t\t\t\t\t\t\t\t\t\t\t\t\t\t<h2 class=\"entry-title\">\n\t\t\t\t\t<a href=\"https:\/\/www.pnx-rescue.ch\/it\/ambulanza-di-emergenza-su-misura\/\">\n\t\t\t\t\t\tAmbulanza di emergenza personalizzata\t\t\t\t\t<\/a>\n\t\t\t\t<\/h2>\n\t\t\t\t\t\t\t\t\t\t\t\t\t\t\t\t\t\t\t\t\t\t\t\t\t\t\t\t\t\t\t\t\t\t\t\t\t\t\t\t\t\t<p><\/p>\n\t\t\t\t\t\t\t\t\t\t\t\t\t\t\t\t\t\t\t\t\t\t                                                    <\/div><!-- .elementskit-post-body END -->\n                    <\/div>\n                \n            <\/div>\n                    <div class=\"col-lg-3 col-md-6\">\n\n                                    <div class=\"elementskit-post-image-card\">\n                        <div class=\"elementskit-entry-header\">\n                                                            <a href=\"https:\/\/www.pnx-rescue.ch\/it\/ambulanza-veterinaria\/\" class=\"elementskit-entry-thumb\">\n                                    <img decoding=\"async\" src=\"https:\/\/www.pnx-rescue.ch\/wp-content\/uploads\/2025\/02\/Ambulance-veterinaire.webp\" alt=\"Ambulanza veterinaria\">\n                                <\/a><!-- .elementskit-entry-thumb END -->\n                                                            \n                            \n\t\t\t\t\t\t\t\t\t\t\t\t\t<\/div><!-- .elementskit-entry-header END -->\n\n\t\t\t\t\t\t<div class=\"elementskit-post-body\">\n\t\t\t\t\t\t\t\n\t\t\t\t\t\t\t\t\t\t\t\t\t\t\t\t\t\t\t\t\t\t\t\t\t\n\t\t\t\t\t\t\t\t\n\t\t\t\t\t\t\t\t\t\t\t\t\t\t\t\t\t\t\t\t\t<h2 class=\"entry-title\">\n\t\t\t\t\t<a href=\"https:\/\/www.pnx-rescue.ch\/it\/ambulanza-veterinaria\/\">\n\t\t\t\t\t\tAmbulanza veterinaria\t\t\t\t\t<\/a>\n\t\t\t\t<\/h2>\n\t\t\t\t\t\t\t\t\t\t\t\t\t\t\t\t\t\t\t\t\t\t\t\t\t\t\t\t\t\t\t\t\t\t\t\t\t\t\t\t\t\t<p>Ambulanza veterinaria, furgone Mercedes-Benz Sprinter convertito<\/p>\n\t\t\t\t\t\t\t\t\t\t\t\t\t\t\t\t\t\t\t\t\t\t                                                    <\/div><!-- .elementskit-post-body END -->\n                    <\/div>\n                \n            <\/div>\n                    <div class=\"col-lg-3 col-md-6\">\n\n                                    <div class=\"elementskit-post-image-card\">\n                        <div class=\"elementskit-entry-header\">\n                                                            <a href=\"https:\/\/www.pnx-rescue.ch\/it\/ambulanza-costruita-su-misura\/\" class=\"elementskit-entry-thumb\">\n                                    <img decoding=\"async\" src=\"https:\/\/www.pnx-rescue.ch\/wp-content\/uploads\/2025\/02\/Ambulance-caisson-amenagee-sur-mesure.webp\" alt=\"Box ambulanza personalizzato\">\n                                <\/a><!-- .elementskit-entry-thumb END -->\n                                                            \n                            \n\t\t\t\t\t\t\t\t\t\t\t\t\t<\/div><!-- .elementskit-entry-header END -->\n\n\t\t\t\t\t\t<div class=\"elementskit-post-body\">\n\t\t\t\t\t\t\t\n\t\t\t\t\t\t\t\t\t\t\t\t\t\t\t\t\t\t\t\t\t\t\t\t\t\n\t\t\t\t\t\t\t\t\n\t\t\t\t\t\t\t\t\t\t\t\t\t\t\t\t\t\t\t\t\t<h2 class=\"entry-title\">\n\t\t\t\t\t<a href=\"https:\/\/www.pnx-rescue.ch\/it\/ambulanza-costruita-su-misura\/\">\n\t\t\t\t\t\tBox ambulanza personalizzato\t\t\t\t\t<\/a>\n\t\t\t\t<\/h2>\n\t\t\t\t\t\t\t\t\t\t\t\t\t\t\t\t\t\t\t\t\t\t\t\t\t\t\t\t\t\t\t\t\t\t\t\t\t\t\t\t\t\t<p><\/p>\n\t\t\t\t\t\t\t\t\t\t\t\t\t\t\t\t\t\t\t\t\t\t                                                    <\/div><!-- .elementskit-post-body END -->\n                    <\/div>\n                \n            <\/div>\n                    <div class=\"col-lg-3 col-md-6\">\n\n                                    <div class=\"elementskit-post-image-card\">\n                        <div class=\"elementskit-entry-header\">\n                                                            <a href=\"https:\/\/www.pnx-rescue.ch\/it\/furgone-ambulanza-costruito-su-misura\/\" class=\"elementskit-entry-thumb\">\n                                    <img decoding=\"async\" src=\"https:\/\/www.pnx-rescue.ch\/wp-content\/uploads\/2025\/02\/projet-de-fourgon-ambulance-a-geneve-en-suisse.webp\" alt=\"Furgone ambulanza costruito su misura\">\n                                <\/a><!-- .elementskit-entry-thumb END -->\n                                                            \n                            \n\t\t\t\t\t\t\t\t\t\t\t\t\t<\/div><!-- .elementskit-entry-header END -->\n\n\t\t\t\t\t\t<div class=\"elementskit-post-body\">\n\t\t\t\t\t\t\t\n\t\t\t\t\t\t\t\t\t\t\t\t\t\t\t\t\t\t\t\t\t\t\t\t\t\n\t\t\t\t\t\t\t\t\n\t\t\t\t\t\t\t\t\t\t\t\t\t\t\t\t\t\t\t\t\t<h2 class=\"entry-title\">\n\t\t\t\t\t<a href=\"https:\/\/www.pnx-rescue.ch\/it\/furgone-ambulanza-costruito-su-misura\/\">\n\t\t\t\t\t\tFurgone ambulanza costruito su misura\t\t\t\t\t<\/a>\n\t\t\t\t<\/h2>\n\t\t\t\t\t\t\t\t\t\t\t\t\t\t\t\t\t\t\t\t\t\t\t\t\t\t\t\t\t\t\t\t\t\t\t\t\t\t\t\t\t\t<p><\/p>\n\t\t\t\t\t\t\t\t\t\t\t\t\t\t\t\t\t\t\t\t\t\t                                                    <\/div><!-- .elementskit-post-body END -->\n                    <\/div>\n                \n            <\/div>\n                <\/div>\n       <\/div>\t\t\t\t<\/div>\n\t\t\t\t<\/div>\n\t\t\t\t\t<\/div>\n\t\t\t\t<\/div>\n\t\t\t\t<\/div>","protected":false},"excerpt":{"rendered":"<p>Nos projets d&rsquo;ambulances en Suisse PNX Rescue, fabricant d&rsquo;ambulance en Suisse, vous pr\u00e9sente ses derni\u00e8res fabrications et r\u00e9cents am\u00e9nagements sur des v\u00e9hicules. Nos r\u00e9alisations un projet en vue ? Nous contacter Livraison d&rsquo;une ambulance d&rsquo;occasion Ambulance d&rsquo;urgence sur-mesure Ambulance v\u00e9t\u00e9rinaire Ambulance v\u00e9t\u00e9rinaire Fourgon am\u00e9nag\u00e9e Mercedes-Benz Sprinter Ambulance caisson am\u00e9nag\u00e9 sur-mesure Ambulance fourgon am\u00e9nag\u00e9 sur-mesure<\/p>","protected":false},"author":1,"featured_media":1249,"parent":0,"menu_order":0,"comment_status":"closed","ping_status":"closed","template":"","meta":{"_acf_changed":false,"footnotes":""},"class_list":["post-277","page","type-page","status-publish","has-post-thumbnail","hentry"],"acf":[],"yoast_head":"<!-- This site is optimized with the Yoast SEO plugin v26.2 - https:\/\/yoast.com\/wordpress\/plugins\/seo\/ -->\n<title>Projets de conception d&#039;ambulance en Suisse - PNX Rescue<\/title>\n<meta name=\"description\" content=\"Nos projets de conception d&#039;ambulance en Suisse pour diff\u00e9rentes entreprises. Suivez nos derni\u00e8res r\u00e9alisations mois par mois.\" \/>\n<meta name=\"robots\" content=\"index, follow, max-snippet:-1, max-image-preview:large, max-video-preview:-1\" \/>\n<link rel=\"canonical\" href=\"https:\/\/www.pnx-rescue.ch\/it\/progetti\/\" \/>\n<meta property=\"og:locale\" content=\"it_IT\" \/>\n<meta property=\"og:type\" content=\"article\" \/>\n<meta property=\"og:title\" content=\"Projets de conception d&#039;ambulance en Suisse - PNX Rescue\" \/>\n<meta property=\"og:description\" content=\"Nos projets de conception d&#039;ambulance en Suisse pour diff\u00e9rentes entreprises. Suivez nos derni\u00e8res r\u00e9alisations mois par mois.\" \/>\n<meta property=\"og:url\" content=\"https:\/\/www.pnx-rescue.ch\/it\/progetti\/\" \/>\n<meta property=\"og:site_name\" content=\"PNX Rescue\" \/>\n<meta property=\"article:modified_time\" content=\"2025-12-29T14:18:20+00:00\" \/>\n<meta property=\"og:image\" content=\"https:\/\/www.pnx-rescue.ch\/wp-content\/uploads\/2025\/10\/WhatsApp-Image-2025-10-30-at-09.52.39-3.jpeg\" \/>\n\t<meta property=\"og:image:width\" content=\"1600\" \/>\n\t<meta property=\"og:image:height\" content=\"1200\" \/>\n\t<meta property=\"og:image:type\" content=\"image\/jpeg\" \/>\n<meta name=\"twitter:card\" content=\"summary_large_image\" \/>\n<meta name=\"twitter:label1\" content=\"Tempo di lettura stimato\" \/>\n\t<meta name=\"twitter:data1\" content=\"2 minuti\" \/>\n<script type=\"application\/ld+json\" class=\"yoast-schema-graph\">{\"@context\":\"https:\/\/schema.org\",\"@graph\":[{\"@type\":\"WebPage\",\"@id\":\"https:\/\/www.pnx-rescue.ch\/projets\/\",\"url\":\"https:\/\/www.pnx-rescue.ch\/projets\/\",\"name\":\"Projets de conception d'ambulance en Suisse - PNX Rescue\",\"isPartOf\":{\"@id\":\"https:\/\/www.pnx-rescue.ch\/#website\"},\"primaryImageOfPage\":{\"@id\":\"https:\/\/www.pnx-rescue.ch\/projets\/#primaryimage\"},\"image\":{\"@id\":\"https:\/\/www.pnx-rescue.ch\/projets\/#primaryimage\"},\"thumbnailUrl\":\"https:\/\/www.pnx-rescue.ch\/wp-content\/uploads\/2025\/10\/WhatsApp-Image-2025-10-30-at-09.52.39-3.jpeg\",\"datePublished\":\"2025-02-26T09:26:04+00:00\",\"dateModified\":\"2025-12-29T14:18:20+00:00\",\"description\":\"Nos projets de conception d'ambulance en Suisse pour diff\u00e9rentes entreprises. Suivez nos derni\u00e8res r\u00e9alisations mois par mois.\",\"breadcrumb\":{\"@id\":\"https:\/\/www.pnx-rescue.ch\/projets\/#breadcrumb\"},\"inLanguage\":\"it-IT\",\"potentialAction\":[{\"@type\":\"ReadAction\",\"target\":[\"https:\/\/www.pnx-rescue.ch\/projets\/\"]}]},{\"@type\":\"ImageObject\",\"inLanguage\":\"it-IT\",\"@id\":\"https:\/\/www.pnx-rescue.ch\/projets\/#primaryimage\",\"url\":\"https:\/\/www.pnx-rescue.ch\/wp-content\/uploads\/2025\/10\/WhatsApp-Image-2025-10-30-at-09.52.39-3.jpeg\",\"contentUrl\":\"https:\/\/www.pnx-rescue.ch\/wp-content\/uploads\/2025\/10\/WhatsApp-Image-2025-10-30-at-09.52.39-3.jpeg\",\"width\":1600,\"height\":1200,\"caption\":\"WhatsApp Image 2025 10 30 at 09.52.39 (3)\"},{\"@type\":\"BreadcrumbList\",\"@id\":\"https:\/\/www.pnx-rescue.ch\/projets\/#breadcrumb\",\"itemListElement\":[{\"@type\":\"ListItem\",\"position\":1,\"name\":\"Accueil\",\"item\":\"https:\/\/www.pnx-rescue.ch\/\"},{\"@type\":\"ListItem\",\"position\":2,\"name\":\"Projets\"}]},{\"@type\":\"WebSite\",\"@id\":\"https:\/\/www.pnx-rescue.ch\/#website\",\"url\":\"https:\/\/www.pnx-rescue.ch\/\",\"name\":\"PNX Rescue\",\"description\":\"Ambulances en Suisse\",\"publisher\":{\"@id\":\"https:\/\/www.pnx-rescue.ch\/#organization\"},\"potentialAction\":[{\"@type\":\"SearchAction\",\"target\":{\"@type\":\"EntryPoint\",\"urlTemplate\":\"https:\/\/www.pnx-rescue.ch\/?s={search_term_string}\"},\"query-input\":{\"@type\":\"PropertyValueSpecification\",\"valueRequired\":true,\"valueName\":\"search_term_string\"}}],\"inLanguage\":\"it-IT\"},{\"@type\":\"Organization\",\"@id\":\"https:\/\/www.pnx-rescue.ch\/#organization\",\"name\":\"PNX Rescue\",\"url\":\"https:\/\/www.pnx-rescue.ch\/\",\"logo\":{\"@type\":\"ImageObject\",\"inLanguage\":\"it-IT\",\"@id\":\"https:\/\/www.pnx-rescue.ch\/#\/schema\/logo\/image\/\",\"url\":\"https:\/\/www.pnx-rescue.ch\/wp-content\/uploads\/2025\/03\/ambulance-circulant-a-geneve-scaled-1.webp\",\"contentUrl\":\"https:\/\/www.pnx-rescue.ch\/wp-content\/uploads\/2025\/03\/ambulance-circulant-a-geneve-scaled-1.webp\",\"width\":2560,\"height\":1758,\"caption\":\"PNX Rescue\"},\"image\":{\"@id\":\"https:\/\/www.pnx-rescue.ch\/#\/schema\/logo\/image\/\"}}]}<\/script>\n<!-- \/ Yoast SEO plugin. -->","yoast_head_json":{"title":"Progetti di progettazione di ambulanze in Svizzera - PNX Rescue","description":"I nostri progetti di ambulanze in Svizzera per diverse aziende. Seguite i nostri ultimi successi mese per mese.","robots":{"index":"index","follow":"follow","max-snippet":"max-snippet:-1","max-image-preview":"max-image-preview:large","max-video-preview":"max-video-preview:-1"},"canonical":"https:\/\/www.pnx-rescue.ch\/it\/progetti\/","og_locale":"it_IT","og_type":"article","og_title":"Projets de conception d'ambulance en Suisse - PNX Rescue","og_description":"Nos projets de conception d'ambulance en Suisse pour diff\u00e9rentes entreprises. Suivez nos derni\u00e8res r\u00e9alisations mois par mois.","og_url":"https:\/\/www.pnx-rescue.ch\/it\/progetti\/","og_site_name":"PNX Rescue","article_modified_time":"2025-12-29T14:18:20+00:00","og_image":[{"width":1600,"height":1200,"url":"https:\/\/www.pnx-rescue.ch\/wp-content\/uploads\/2025\/10\/WhatsApp-Image-2025-10-30-at-09.52.39-3.jpeg","type":"image\/jpeg"}],"twitter_card":"summary_large_image","twitter_misc":{"Tempo di lettura stimato":"2 minuti"},"schema":{"@context":"https:\/\/schema.org","@graph":[{"@type":"WebPage","@id":"https:\/\/www.pnx-rescue.ch\/projets\/","url":"https:\/\/www.pnx-rescue.ch\/projets\/","name":"Progetti di progettazione di ambulanze in Svizzera - PNX Rescue","isPartOf":{"@id":"https:\/\/www.pnx-rescue.ch\/#website"},"primaryImageOfPage":{"@id":"https:\/\/www.pnx-rescue.ch\/projets\/#primaryimage"},"image":{"@id":"https:\/\/www.pnx-rescue.ch\/projets\/#primaryimage"},"thumbnailUrl":"https:\/\/www.pnx-rescue.ch\/wp-content\/uploads\/2025\/10\/WhatsApp-Image-2025-10-30-at-09.52.39-3.jpeg","datePublished":"2025-02-26T09:26:04+00:00","dateModified":"2025-12-29T14:18:20+00:00","description":"I nostri progetti di ambulanze in Svizzera per diverse aziende. Seguite i nostri ultimi successi mese per mese.","breadcrumb":{"@id":"https:\/\/www.pnx-rescue.ch\/projets\/#breadcrumb"},"inLanguage":"it-IT","potentialAction":[{"@type":"ReadAction","target":["https:\/\/www.pnx-rescue.ch\/projets\/"]}]},{"@type":"ImageObject","inLanguage":"it-IT","@id":"https:\/\/www.pnx-rescue.ch\/projets\/#primaryimage","url":"https:\/\/www.pnx-rescue.ch\/wp-content\/uploads\/2025\/10\/WhatsApp-Image-2025-10-30-at-09.52.39-3.jpeg","contentUrl":"https:\/\/www.pnx-rescue.ch\/wp-content\/uploads\/2025\/10\/WhatsApp-Image-2025-10-30-at-09.52.39-3.jpeg","width":1600,"height":1200,"caption":"WhatsApp Image 2025 10 30 at 09.52.39 (3)"},{"@type":"BreadcrumbList","@id":"https:\/\/www.pnx-rescue.ch\/projets\/#breadcrumb","itemListElement":[{"@type":"ListItem","position":1,"name":"Accueil","item":"https:\/\/www.pnx-rescue.ch\/"},{"@type":"ListItem","position":2,"name":"Projets"}]},{"@type":"WebSite","@id":"https:\/\/www.pnx-rescue.ch\/#website","url":"https:\/\/www.pnx-rescue.ch\/","name":"Soccorso PNX","description":"Ambulanze in Svizzera","publisher":{"@id":"https:\/\/www.pnx-rescue.ch\/#organization"},"potentialAction":[{"@type":"SearchAction","target":{"@type":"EntryPoint","urlTemplate":"https:\/\/www.pnx-rescue.ch\/?s={search_term_string}"},"query-input":{"@type":"PropertyValueSpecification","valueRequired":true,"valueName":"search_term_string"}}],"inLanguage":"it-IT"},{"@type":"Organization","@id":"https:\/\/www.pnx-rescue.ch\/#organization","name":"Soccorso PNX","url":"https:\/\/www.pnx-rescue.ch\/","logo":{"@type":"ImageObject","inLanguage":"it-IT","@id":"https:\/\/www.pnx-rescue.ch\/#\/schema\/logo\/image\/","url":"https:\/\/www.pnx-rescue.ch\/wp-content\/uploads\/2025\/03\/ambulance-circulant-a-geneve-scaled-1.webp","contentUrl":"https:\/\/www.pnx-rescue.ch\/wp-content\/uploads\/2025\/03\/ambulance-circulant-a-geneve-scaled-1.webp","width":2560,"height":1758,"caption":"PNX Rescue"},"image":{"@id":"https:\/\/www.pnx-rescue.ch\/#\/schema\/logo\/image\/"}}]}},"_links":{"self":[{"href":"https:\/\/www.pnx-rescue.ch\/it\/wp-json\/wp\/v2\/pages\/277","targetHints":{"allow":["GET"]}}],"collection":[{"href":"https:\/\/www.pnx-rescue.ch\/it\/wp-json\/wp\/v2\/pages"}],"about":[{"href":"https:\/\/www.pnx-rescue.ch\/it\/wp-json\/wp\/v2\/types\/page"}],"author":[{"embeddable":true,"href":"https:\/\/www.pnx-rescue.ch\/it\/wp-json\/wp\/v2\/users\/1"}],"replies":[{"embeddable":true,"href":"https:\/\/www.pnx-rescue.ch\/it\/wp-json\/wp\/v2\/comments?post=277"}],"version-history":[{"count":44,"href":"https:\/\/www.pnx-rescue.ch\/it\/wp-json\/wp\/v2\/pages\/277\/revisions"}],"predecessor-version":[{"id":1472,"href":"https:\/\/www.pnx-rescue.ch\/it\/wp-json\/wp\/v2\/pages\/277\/revisions\/1472"}],"wp:featuredmedia":[{"embeddable":true,"href":"https:\/\/www.pnx-rescue.ch\/it\/wp-json\/wp\/v2\/media\/1249"}],"wp:attachment":[{"href":"https:\/\/www.pnx-rescue.ch\/it\/wp-json\/wp\/v2\/media?parent=277"}],"curies":[{"name":"parola chiave","href":"https:\/\/api.w.org\/{rel}","templated":true}]}}