{"id":542,"date":"2025-02-26T13:39:59","date_gmt":"2025-02-26T12:39:59","guid":{"rendered":"https:\/\/vwebdev3.fr\/?page_id=542"},"modified":"2025-11-03T17:11:02","modified_gmt":"2025-11-03T16:11:02","slug":"confidentialite","status":"publish","type":"page","link":"https:\/\/www.pnx-rescue.ch\/it\/riservatezza\/","title":{"rendered":"Riservatezza"},"content":{"rendered":"<div data-elementor-type=\"wp-page\" data-elementor-id=\"542\" class=\"elementor elementor-542\" data-elementor-post-type=\"page\">\n\t\t\t\t<div class=\"elementor-element elementor-element-e0562f1 e-flex e-con-boxed e-con e-parent\" data-id=\"e0562f1\" data-element_type=\"container\">\n\t\t\t\t\t<div class=\"e-con-inner\">\n\t\t\t\t<div class=\"elementor-element elementor-element-dde2336 elementor-widget elementor-widget-heading\" data-id=\"dde2336\" data-element_type=\"widget\" data-widget_type=\"heading.default\">\n\t\t\t\t<div class=\"elementor-widget-container\">\n\t\t\t\t\t<h1 class=\"elementor-heading-title elementor-size-default\">Riservatezza<\/h1>\t\t\t\t<\/div>\n\t\t\t\t<\/div>\n\t\t\t\t<div class=\"elementor-element elementor-element-b8198d0 elementor-widget elementor-widget-text-editor\" data-id=\"b8198d0\" data-element_type=\"widget\" data-widget_type=\"text-editor.default\">\n\t\t\t\t<div class=\"elementor-widget-container\">\n\t\t\t\t\t\t\t\t\t<p><strong>Ultimo aggiornamento:<\/strong> 26\/02\/2025<\/p><h2>1. Introduzione<\/h2><p>PNX Rescue attribuisce grande importanza alla protezione dei tuoi dati personali. La presente informativa sulla privacy ha lo scopo di informarti su come raccogliamo, utilizziamo e proteggiamo le tue informazioni in conformit\u00e0 con le normative applicabili, tra cui il Regolamento generale sulla protezione dei dati (GDPR) in Francia e la Legge federale svizzera sulla protezione dei dati (FADP).<\/p><h2>2. Dati raccolti<\/h2><p>Quando ci contatti tramite il nostro sito web, raccogliamo i seguenti dati:<\/p><ul><li>Nome<\/li><li>Nome<\/li><li>Azienda<\/li><li>Indirizzo e-mail<\/li><li>Numero di telefono<\/li><\/ul><h2>3. Finalit\u00e0 della raccolta<\/h2><p>Raccogliamo queste informazioni allo scopo di:<\/p><ul><li>Rispondere alle vostre domande o richieste di preventivo.<\/li><li>Stabilire un contatto commerciale.<\/li><li>Per migliorare i nostri servizi e le relazioni con i clienti.<\/li><\/ul><h2>4. Base giuridica del trattamento<\/h2><p>Elaboriamo i tuoi dati personali in base alle seguenti modalit\u00e0:<\/p><ul><li>Con il tuo esplicito consenso al momento dell&#039;invio del modulo di contatto.<\/li><li>Dal nostro legittimo interesse nella gestione del rapporto con i nostri clienti e potenziali clienti.<\/li><\/ul><h2>5. Conservazione dei dati<\/h2><p>I tuoi dati personali vengono conservati per un massimo di 3 anni dall&#039;ultimo contatto con te.<br \/>Trascorso tale termine, saranno cancellati o resi anonimi, salvo che non vi sia un obbligo legale di conservazione.<\/p><h2>6. Sicurezza dei dati<\/h2><p>Implementiamo misure di sicurezza tecniche e organizzative per proteggere i tuoi dati da accessi non autorizzati.,<br \/>perdita, alterazione o divulgazione.<\/p><h2>7. Condivisione dei dati<\/h2><p>I tuoi dati non saranno mai venduti o noleggiati. Potranno essere condivisi solo con:<\/p><ul><li>I nostri fornitori di servizi tecnici (hosting, manutenzione del sito), nella misura necessaria all&#039;esecuzione dei loro servizi.<\/li><li>Le autorit\u00e0 competenti, se richiesto dalla legge.<\/li><\/ul><h2>8. I tuoi diritti<\/h2><p>In conformit\u00e0 con la normativa vigente, hai i seguenti diritti:<\/p><ul><li><strong>Diritto di accesso:<\/strong> Puoi richiedere di visionare i tuoi dati personali in nostro possesso.<\/li><li><strong>Diritto di rettifica:<\/strong> Puoi richiedere che le tue informazioni vengano corrette se sono inaccurate.<\/li><li><strong>Diritto di cancellazione:<\/strong> Puoi richiedere la cancellazione dei tuoi dati in determinate condizioni.<\/li><li><strong>Diritto di opposizione:<\/strong> Puoi opporti al trattamento dei tuoi dati per determinate finalit\u00e0.<\/li><li><strong>Diritto alla portabilit\u00e0 dei dati:<\/strong> Puoi richiedere che i tuoi dati vengano trasmessi a terzi.<\/li><li><strong>Diritto di revoca del consenso:<\/strong> Se il trattamento \u00e8 basato sul tuo consenso, puoi revocarlo in qualsiasi momento.<\/li><\/ul><div>\u00a0<\/div><p>Per esercitare i tuoi diritti, puoi contattarci al seguente indirizzo: rositavde@pnx-rescue.ch<\/p><h2>9. Biscotti<\/h2><p>Il nostro sito utilizza i cookie esclusivamente per scopi funzionali. Non raccogliamo cookie pubblicitari o di tracciamento senza il tuo consenso.<\/p><h2>10. Contatto<\/h2><p>Per qualsiasi domanda riguardante la presente informativa sulla privacy, puoi contattarci a:<\/p><p><strong>Soccorso PNX<\/strong><br \/>70 Avenue de Ch\u00e2telaine, 1219 Ch\u00e2telaine<br \/>E-mail: info@pnx-rescue.ch<\/p><h2>11. Modifiche<\/h2><p>Ci riserviamo il diritto di modificare la presente informativa in qualsiasi momento. Eventuali modifiche saranno pubblicate su questa pagina, unitamente alla data di aggiornamento.<\/p>\t\t\t\t\t\t\t\t<\/div>\n\t\t\t\t<\/div>\n\t\t\t\t\t<\/div>\n\t\t\t\t<\/div>\n\t\t\t\t<\/div>","protected":false},"excerpt":{"rendered":"<p>Confidentialit\u00e9 Derni\u00e8re mise \u00e0 jour : 26\/02\/2025 1. Introduction La soci\u00e9t\u00e9 PNX Rescue attache une grande importance \u00e0 la protection de vos donn\u00e9es personnelles. cette politique de confidentialit\u00e9 vise \u00e0 vous informer sur la mani\u00e8re dont nous collectons, utilisons et prot\u00e9geons vos informations conform\u00e9ment aux r\u00e9glementations en vigueur, notamment le R\u00e8glement G\u00e9n\u00e9ral sur la Protection [&hellip;]<\/p>","protected":false},"author":1,"featured_media":0,"parent":0,"menu_order":0,"comment_status":"closed","ping_status":"closed","template":"","meta":{"_acf_changed":false,"footnotes":""},"class_list":["post-542","page","type-page","status-publish","hentry"],"acf":[],"yoast_head":"<!-- This site is optimized with the Yoast SEO plugin v26.2 - https:\/\/yoast.com\/wordpress\/plugins\/seo\/ -->\n<title>Confidentialit\u00e9 - PNX Rescue<\/title>\n<meta name=\"description\" content=\"Notre politique de confidentialit\u00e9 : d\u00e9couvrez comment sont stock\u00e9es vos donn\u00e9es.\" \/>\n<meta name=\"robots\" content=\"index, follow, max-snippet:-1, max-image-preview:large, max-video-preview:-1\" \/>\n<link rel=\"canonical\" href=\"https:\/\/www.pnx-rescue.ch\/it\/riservatezza\/\" \/>\n<meta property=\"og:locale\" content=\"it_IT\" \/>\n<meta property=\"og:type\" content=\"article\" \/>\n<meta property=\"og:title\" content=\"Confidentialit\u00e9 - PNX Rescue\" \/>\n<meta property=\"og:description\" content=\"Notre politique de confidentialit\u00e9 : d\u00e9couvrez comment sont stock\u00e9es vos donn\u00e9es.\" \/>\n<meta property=\"og:url\" content=\"https:\/\/www.pnx-rescue.ch\/it\/riservatezza\/\" \/>\n<meta property=\"og:site_name\" content=\"PNX Rescue\" \/>\n<meta property=\"article:modified_time\" content=\"2025-11-03T16:11:02+00:00\" \/>\n<meta name=\"twitter:card\" content=\"summary_large_image\" \/>\n<meta name=\"twitter:label1\" content=\"Tempo di lettura stimato\" \/>\n\t<meta name=\"twitter:data1\" content=\"3 minuti\" \/>\n<script type=\"application\/ld+json\" class=\"yoast-schema-graph\">{\"@context\":\"https:\/\/schema.org\",\"@graph\":[{\"@type\":\"WebPage\",\"@id\":\"https:\/\/www.pnx-rescue.ch\/confidentialite\/\",\"url\":\"https:\/\/www.pnx-rescue.ch\/confidentialite\/\",\"name\":\"Confidentialit\u00e9 - PNX Rescue\",\"isPartOf\":{\"@id\":\"https:\/\/www.pnx-rescue.ch\/#website\"},\"datePublished\":\"2025-02-26T12:39:59+00:00\",\"dateModified\":\"2025-11-03T16:11:02+00:00\",\"description\":\"Notre politique de confidentialit\u00e9 : d\u00e9couvrez comment sont stock\u00e9es vos donn\u00e9es.\",\"breadcrumb\":{\"@id\":\"https:\/\/www.pnx-rescue.ch\/confidentialite\/#breadcrumb\"},\"inLanguage\":\"it-IT\",\"potentialAction\":[{\"@type\":\"ReadAction\",\"target\":[\"https:\/\/www.pnx-rescue.ch\/confidentialite\/\"]}]},{\"@type\":\"BreadcrumbList\",\"@id\":\"https:\/\/www.pnx-rescue.ch\/confidentialite\/#breadcrumb\",\"itemListElement\":[{\"@type\":\"ListItem\",\"position\":1,\"name\":\"Accueil\",\"item\":\"https:\/\/www.pnx-rescue.ch\/\"},{\"@type\":\"ListItem\",\"position\":2,\"name\":\"Confidentialit\u00e9\"}]},{\"@type\":\"WebSite\",\"@id\":\"https:\/\/www.pnx-rescue.ch\/#website\",\"url\":\"https:\/\/www.pnx-rescue.ch\/\",\"name\":\"PNX Rescue\",\"description\":\"Ambulances en Suisse\",\"publisher\":{\"@id\":\"https:\/\/www.pnx-rescue.ch\/#organization\"},\"potentialAction\":[{\"@type\":\"SearchAction\",\"target\":{\"@type\":\"EntryPoint\",\"urlTemplate\":\"https:\/\/www.pnx-rescue.ch\/?s={search_term_string}\"},\"query-input\":{\"@type\":\"PropertyValueSpecification\",\"valueRequired\":true,\"valueName\":\"search_term_string\"}}],\"inLanguage\":\"it-IT\"},{\"@type\":\"Organization\",\"@id\":\"https:\/\/www.pnx-rescue.ch\/#organization\",\"name\":\"PNX Rescue\",\"url\":\"https:\/\/www.pnx-rescue.ch\/\",\"logo\":{\"@type\":\"ImageObject\",\"inLanguage\":\"it-IT\",\"@id\":\"https:\/\/www.pnx-rescue.ch\/#\/schema\/logo\/image\/\",\"url\":\"https:\/\/www.pnx-rescue.ch\/wp-content\/uploads\/2025\/03\/ambulance-circulant-a-geneve-scaled-1.webp\",\"contentUrl\":\"https:\/\/www.pnx-rescue.ch\/wp-content\/uploads\/2025\/03\/ambulance-circulant-a-geneve-scaled-1.webp\",\"width\":2560,\"height\":1758,\"caption\":\"PNX Rescue\"},\"image\":{\"@id\":\"https:\/\/www.pnx-rescue.ch\/#\/schema\/logo\/image\/\"}}]}<\/script>\n<!-- \/ Yoast SEO plugin. -->","yoast_head_json":{"title":"Privacy - PNX Rescue","description":"La nostra politica sulla privacy: scopri come vengono conservati i tuoi dati.","robots":{"index":"index","follow":"follow","max-snippet":"max-snippet:-1","max-image-preview":"max-image-preview:large","max-video-preview":"max-video-preview:-1"},"canonical":"https:\/\/www.pnx-rescue.ch\/it\/riservatezza\/","og_locale":"it_IT","og_type":"article","og_title":"Confidentialit\u00e9 - PNX Rescue","og_description":"Notre politique de confidentialit\u00e9 : d\u00e9couvrez comment sont stock\u00e9es vos donn\u00e9es.","og_url":"https:\/\/www.pnx-rescue.ch\/it\/riservatezza\/","og_site_name":"PNX Rescue","article_modified_time":"2025-11-03T16:11:02+00:00","twitter_card":"summary_large_image","twitter_misc":{"Tempo di lettura stimato":"3 minuti"},"schema":{"@context":"https:\/\/schema.org","@graph":[{"@type":"WebPage","@id":"https:\/\/www.pnx-rescue.ch\/confidentialite\/","url":"https:\/\/www.pnx-rescue.ch\/confidentialite\/","name":"Privacy - PNX Rescue","isPartOf":{"@id":"https:\/\/www.pnx-rescue.ch\/#website"},"datePublished":"2025-02-26T12:39:59+00:00","dateModified":"2025-11-03T16:11:02+00:00","description":"La nostra politica sulla privacy: scopri come vengono conservati i tuoi dati.","breadcrumb":{"@id":"https:\/\/www.pnx-rescue.ch\/confidentialite\/#breadcrumb"},"inLanguage":"it-IT","potentialAction":[{"@type":"ReadAction","target":["https:\/\/www.pnx-rescue.ch\/confidentialite\/"]}]},{"@type":"BreadcrumbList","@id":"https:\/\/www.pnx-rescue.ch\/confidentialite\/#breadcrumb","itemListElement":[{"@type":"ListItem","position":1,"name":"Accueil","item":"https:\/\/www.pnx-rescue.ch\/"},{"@type":"ListItem","position":2,"name":"Confidentialit\u00e9"}]},{"@type":"WebSite","@id":"https:\/\/www.pnx-rescue.ch\/#website","url":"https:\/\/www.pnx-rescue.ch\/","name":"Soccorso PNX","description":"Ambulanze in Svizzera","publisher":{"@id":"https:\/\/www.pnx-rescue.ch\/#organization"},"potentialAction":[{"@type":"SearchAction","target":{"@type":"EntryPoint","urlTemplate":"https:\/\/www.pnx-rescue.ch\/?s={search_term_string}"},"query-input":{"@type":"PropertyValueSpecification","valueRequired":true,"valueName":"search_term_string"}}],"inLanguage":"it-IT"},{"@type":"Organization","@id":"https:\/\/www.pnx-rescue.ch\/#organization","name":"Soccorso PNX","url":"https:\/\/www.pnx-rescue.ch\/","logo":{"@type":"ImageObject","inLanguage":"it-IT","@id":"https:\/\/www.pnx-rescue.ch\/#\/schema\/logo\/image\/","url":"https:\/\/www.pnx-rescue.ch\/wp-content\/uploads\/2025\/03\/ambulance-circulant-a-geneve-scaled-1.webp","contentUrl":"https:\/\/www.pnx-rescue.ch\/wp-content\/uploads\/2025\/03\/ambulance-circulant-a-geneve-scaled-1.webp","width":2560,"height":1758,"caption":"PNX Rescue"},"image":{"@id":"https:\/\/www.pnx-rescue.ch\/#\/schema\/logo\/image\/"}}]}},"_links":{"self":[{"href":"https:\/\/www.pnx-rescue.ch\/it\/wp-json\/wp\/v2\/pages\/542","targetHints":{"allow":["GET"]}}],"collection":[{"href":"https:\/\/www.pnx-rescue.ch\/it\/wp-json\/wp\/v2\/pages"}],"about":[{"href":"https:\/\/www.pnx-rescue.ch\/it\/wp-json\/wp\/v2\/types\/page"}],"author":[{"embeddable":true,"href":"https:\/\/www.pnx-rescue.ch\/it\/wp-json\/wp\/v2\/users\/1"}],"replies":[{"embeddable":true,"href":"https:\/\/www.pnx-rescue.ch\/it\/wp-json\/wp\/v2\/comments?post=542"}],"version-history":[{"count":10,"href":"https:\/\/www.pnx-rescue.ch\/it\/wp-json\/wp\/v2\/pages\/542\/revisions"}],"predecessor-version":[{"id":1355,"href":"https:\/\/www.pnx-rescue.ch\/it\/wp-json\/wp\/v2\/pages\/542\/revisions\/1355"}],"wp:attachment":[{"href":"https:\/\/www.pnx-rescue.ch\/it\/wp-json\/wp\/v2\/media?parent=542"}],"curies":[{"name":"parola chiave","href":"https:\/\/api.w.org\/{rel}","templated":true}]}}